{"id":245,"date":"2021-04-29T03:36:58","date_gmt":"2021-04-29T03:36:58","guid":{"rendered":"https:\/\/simer.info\/about\/"},"modified":"2025-12-17T13:04:07","modified_gmt":"2025-12-17T12:04:07","slug":"anwendungen","status":"publish","type":"page","link":"https:\/\/simer.info\/nl\/anwendungen\/","title":{"rendered":"Toepassingen"},"content":{"rendered":"<div data-elementor-type=\"wp-page\" data-elementor-id=\"245\" class=\"elementor elementor-245\">\n\t\t\t\t\t\t<section class=\"elementor-section elementor-top-section elementor-element elementor-element-ea5e904 elementor-section-content-middle elementor-section-boxed elementor-section-height-default elementor-section-height-default\" data-id=\"ea5e904\" data-element_type=\"section\" data-e-type=\"section\" data-settings=\"{&quot;background_background&quot;:&quot;classic&quot;}\">\n\t\t\t\t\t\t\t<div class=\"elementor-background-overlay\"><\/div>\n\t\t\t\t\t\t\t<div class=\"elementor-container elementor-column-gap-no\">\n\t\t\t\t\t<div class=\"elementor-column elementor-col-100 elementor-top-column elementor-element elementor-element-75e8988\" data-id=\"75e8988\" data-element_type=\"column\" data-e-type=\"column\">\n\t\t\t<div class=\"elementor-widget-wrap\">\n\t\t\t\t\t\t\t<\/div>\n\t\t<\/div>\n\t\t\t\t\t<\/div>\n\t\t<\/section>\n\t\t<div class=\"elementor-element elementor-element-434360d e-flex e-con-boxed e-con e-parent\" data-id=\"434360d\" data-element_type=\"container\" data-e-type=\"container\">\n\t\t\t\t\t<div class=\"e-con-inner\">\n\t\t\t\t<div class=\"elementor-element elementor-element-d4a9402 elementor-widget elementor-widget-heading\" data-id=\"d4a9402\" data-element_type=\"widget\" data-e-type=\"widget\" data-widget_type=\"heading.default\">\n\t\t\t\t<div class=\"elementor-widget-container\">\n\t\t\t\t\t<h1 class=\"elementor-heading-title elementor-size-default\">Simer 6 - Toepassingen<\/h1>\t\t\t\t<\/div>\n\t\t\t\t<\/div>\n\t\t\t\t\t<\/div>\n\t\t\t\t<\/div>\n\t\t<div class=\"elementor-element elementor-element-e7b6670 e-flex e-con-boxed e-con e-parent\" data-id=\"e7b6670\" data-element_type=\"container\" data-e-type=\"container\">\n\t\t\t\t\t<div class=\"e-con-inner\">\n\t\t\t\t<div class=\"elementor-element elementor-element-52b1563 elementor-widget elementor-widget-spacer\" data-id=\"52b1563\" data-element_type=\"widget\" data-e-type=\"widget\" data-widget_type=\"spacer.default\">\n\t\t\t\t<div class=\"elementor-widget-container\">\n\t\t\t\t\t\t\t<div class=\"elementor-spacer\">\n\t\t\t<div class=\"elementor-spacer-inner\"><\/div>\n\t\t<\/div>\n\t\t\t\t\t\t<\/div>\n\t\t\t\t<\/div>\n\t\t\t\t\t<\/div>\n\t\t\t\t<\/div>\n\t\t<div class=\"elementor-element elementor-element-f345b81 e-flex e-con-boxed e-con e-parent\" data-id=\"f345b81\" data-element_type=\"container\" data-e-type=\"container\">\n\t\t\t\t\t<div class=\"e-con-inner\">\n\t\t<div class=\"elementor-element elementor-element-32197b4 e-con-full e-flex e-con e-child\" data-id=\"32197b4\" data-element_type=\"container\" data-e-type=\"container\">\n\t\t\t\t<div class=\"elementor-element elementor-element-3140888 elementor-widget elementor-widget-image\" data-id=\"3140888\" data-element_type=\"widget\" data-e-type=\"widget\" data-widget_type=\"image.default\">\n\t\t\t\t<div class=\"elementor-widget-container\">\n\t\t\t\t\t\t\t\t\t\t\t\t\t\t\t<img fetchpriority=\"high\" decoding=\"async\" width=\"1000\" height=\"563\" src=\"https:\/\/simer.info\/wp-content\/uploads\/2023\/10\/simer_roof_decal.jpg\" class=\"attachment-full size-full wp-image-1375\" alt=\"Simer 6 - Anwendung auf dem Flachdach\" srcset=\"https:\/\/simer.info\/wp-content\/uploads\/2023\/10\/simer_roof_decal.jpg 1000w, https:\/\/simer.info\/wp-content\/uploads\/2023\/10\/simer_roof_decal-300x169.jpg 300w, https:\/\/simer.info\/wp-content\/uploads\/2023\/10\/simer_roof_decal-768x432.jpg 768w\" sizes=\"(max-width: 1000px) 100vw, 1000px\" \/>\t\t\t\t\t\t\t\t\t\t\t\t\t\t\t<\/div>\n\t\t\t\t<\/div>\n\t\t\t\t<\/div>\n\t\t<div class=\"elementor-element elementor-element-d33db22 e-con-full e-flex e-con e-child\" data-id=\"d33db22\" data-element_type=\"container\" data-e-type=\"container\" data-settings=\"{&quot;background_background&quot;:&quot;classic&quot;}\">\n\t\t\t\t<div class=\"elementor-element elementor-element-a89624d elementor-widget elementor-widget-heading\" data-id=\"a89624d\" data-element_type=\"widget\" data-e-type=\"widget\" data-widget_type=\"heading.default\">\n\t\t\t\t<div class=\"elementor-widget-container\">\n\t\t\t\t\t<h2 class=\"elementor-heading-title elementor-size-default\">Plat dak<\/h2>\t\t\t\t<\/div>\n\t\t\t\t<\/div>\n\t\t\t\t<div class=\"elementor-element elementor-element-ad5b3d5 elementor-widget elementor-widget-text-editor\" data-id=\"ad5b3d5\" data-element_type=\"widget\" data-e-type=\"widget\" data-widget_type=\"text-editor.default\">\n\t\t\t\t<div class=\"elementor-widget-container\">\n\t\t\t\t\t\t\t\t\t<p>Zware regen kan vaak leiden tot grote plassen en ongewenst water op platte daken. Met behulp van de Simer 6 kunnen deze worden afgevoerd en kan het water eenvoudig worden weggepompt.\u00a0<\/p>\t\t\t\t\t\t\t\t<\/div>\n\t\t\t\t<\/div>\n\t\t\t\t<\/div>\n\t\t\t\t\t<\/div>\n\t\t\t\t<\/div>\n\t\t<div class=\"elementor-element elementor-element-9c8522e e-flex e-con-boxed e-con e-parent\" data-id=\"9c8522e\" data-element_type=\"container\" data-e-type=\"container\">\n\t\t\t\t\t<div class=\"e-con-inner\">\n\t\t<div class=\"elementor-element elementor-element-2338de5 e-con-full e-flex e-con e-child\" data-id=\"2338de5\" data-element_type=\"container\" data-e-type=\"container\" data-settings=\"{&quot;background_background&quot;:&quot;classic&quot;}\">\n\t\t\t\t<div class=\"elementor-element elementor-element-d6be510 elementor-widget elementor-widget-heading\" data-id=\"d6be510\" data-element_type=\"widget\" data-e-type=\"widget\" data-widget_type=\"heading.default\">\n\t\t\t\t<div class=\"elementor-widget-container\">\n\t\t\t\t\t<h2 class=\"elementor-heading-title elementor-size-default\"> Zwembad<\/h2>\t\t\t\t<\/div>\n\t\t\t\t<\/div>\n\t\t\t\t<div class=\"elementor-element elementor-element-230d3f0 elementor-widget elementor-widget-text-editor\" data-id=\"230d3f0\" data-element_type=\"widget\" data-e-type=\"widget\" data-widget_type=\"text-editor.default\">\n\t\t\t\t<div class=\"elementor-widget-container\">\n\t\t\t\t\t\t\t\t\t<p>Elk jaar rijst de vraag hoe je het water uit het zwembad krijgt. Sluit de Simer 6 aan op een geschikte slang, plaats hem in het zwembad en pomp het water eruit.<\/p>\t\t\t\t\t\t\t\t<\/div>\n\t\t\t\t<\/div>\n\t\t\t\t<\/div>\n\t\t<div class=\"elementor-element elementor-element-b404973 e-con-full e-flex e-con e-child\" data-id=\"b404973\" data-element_type=\"container\" data-e-type=\"container\">\n\t\t\t\t<div class=\"elementor-element elementor-element-ba78e72 elementor-widget elementor-widget-image\" data-id=\"ba78e72\" data-element_type=\"widget\" data-e-type=\"widget\" data-widget_type=\"image.default\">\n\t\t\t\t<div class=\"elementor-widget-container\">\n\t\t\t\t\t\t\t\t\t\t\t\t\t\t\t<img decoding=\"async\" width=\"1000\" height=\"563\" src=\"https:\/\/simer.info\/wp-content\/uploads\/2023\/10\/simer_pool_decal.jpg\" class=\"attachment-full size-full wp-image-1376\" alt=\"Simer 6 - Anwendung im Pool\" srcset=\"https:\/\/simer.info\/wp-content\/uploads\/2023\/10\/simer_pool_decal.jpg 1000w, https:\/\/simer.info\/wp-content\/uploads\/2023\/10\/simer_pool_decal-300x169.jpg 300w, https:\/\/simer.info\/wp-content\/uploads\/2023\/10\/simer_pool_decal-768x432.jpg 768w\" sizes=\"(max-width: 1000px) 100vw, 1000px\" \/>\t\t\t\t\t\t\t\t\t\t\t\t\t\t\t<\/div>\n\t\t\t\t<\/div>\n\t\t\t\t<\/div>\n\t\t\t\t\t<\/div>\n\t\t\t\t<\/div>\n\t\t<div class=\"elementor-element elementor-element-d444579 e-flex e-con-boxed e-con e-parent\" data-id=\"d444579\" data-element_type=\"container\" data-e-type=\"container\">\n\t\t\t\t\t<div class=\"e-con-inner\">\n\t\t<div class=\"elementor-element elementor-element-80bee6e e-con-full e-flex e-con e-child\" data-id=\"80bee6e\" data-element_type=\"container\" data-e-type=\"container\">\n\t\t\t\t<div class=\"elementor-element elementor-element-863b71c elementor-widget elementor-widget-image\" data-id=\"863b71c\" data-element_type=\"widget\" data-e-type=\"widget\" data-widget_type=\"image.default\">\n\t\t\t\t<div class=\"elementor-widget-container\">\n\t\t\t\t\t\t\t\t\t\t\t\t\t\t\t<img decoding=\"async\" width=\"1000\" height=\"563\" src=\"https:\/\/simer.info\/wp-content\/uploads\/2023\/10\/simer_cellar_decal.jpg\" class=\"attachment-full size-full wp-image-1373\" alt=\"Simer 6 - Anwendung im Keller\" srcset=\"https:\/\/simer.info\/wp-content\/uploads\/2023\/10\/simer_cellar_decal.jpg 1000w, https:\/\/simer.info\/wp-content\/uploads\/2023\/10\/simer_cellar_decal-300x169.jpg 300w, https:\/\/simer.info\/wp-content\/uploads\/2023\/10\/simer_cellar_decal-768x432.jpg 768w\" sizes=\"(max-width: 1000px) 100vw, 1000px\" \/>\t\t\t\t\t\t\t\t\t\t\t\t\t\t\t<\/div>\n\t\t\t\t<\/div>\n\t\t\t\t<\/div>\n\t\t<div class=\"elementor-element elementor-element-7d599d4 e-con-full e-flex e-con e-child\" data-id=\"7d599d4\" data-element_type=\"container\" data-e-type=\"container\" data-settings=\"{&quot;background_background&quot;:&quot;classic&quot;}\">\n\t\t\t\t<div class=\"elementor-element elementor-element-1f36b77 elementor-widget elementor-widget-heading\" data-id=\"1f36b77\" data-element_type=\"widget\" data-e-type=\"widget\" data-widget_type=\"heading.default\">\n\t\t\t\t<div class=\"elementor-widget-container\">\n\t\t\t\t\t<h2 class=\"elementor-heading-title elementor-size-default\">Kelder<\/h2>\t\t\t\t<\/div>\n\t\t\t\t<\/div>\n\t\t\t\t<div class=\"elementor-element elementor-element-e3845f1 elementor-widget elementor-widget-text-editor\" data-id=\"e3845f1\" data-element_type=\"widget\" data-e-type=\"widget\" data-widget_type=\"text-editor.default\">\n\t\t\t\t<div class=\"elementor-widget-container\">\n\t\t\t\t\t\t\t\t\t<p>Niemand wil water in zijn kelder! De Simer 6 helpt om snel en eenvoudig water weg te pompen tot een restwaterniveau van 2 mm in ondergelopen kelders.\u00a0<\/p>\t\t\t\t\t\t\t\t<\/div>\n\t\t\t\t<\/div>\n\t\t\t\t<\/div>\n\t\t\t\t\t<\/div>\n\t\t\t\t<\/div>\n\t\t<div class=\"elementor-element elementor-element-3b41a8d e-flex e-con-boxed e-con e-parent\" data-id=\"3b41a8d\" data-element_type=\"container\" data-e-type=\"container\">\n\t\t\t\t\t<div class=\"e-con-inner\">\n\t\t<div class=\"elementor-element elementor-element-3299db3 e-con-full e-flex e-con e-child\" data-id=\"3299db3\" data-element_type=\"container\" data-e-type=\"container\" data-settings=\"{&quot;background_background&quot;:&quot;classic&quot;}\">\n\t\t\t\t<div class=\"elementor-element elementor-element-c7f1bb6 elementor-widget elementor-widget-heading\" data-id=\"c7f1bb6\" data-element_type=\"widget\" data-e-type=\"widget\" data-widget_type=\"heading.default\">\n\t\t\t\t<div class=\"elementor-widget-container\">\n\t\t\t\t\t<h2 class=\"elementor-heading-title elementor-size-default\">Opgravingen<\/h2>\t\t\t\t<\/div>\n\t\t\t\t<\/div>\n\t\t\t\t<div class=\"elementor-element elementor-element-7d4d308 elementor-widget elementor-widget-text-editor\" data-id=\"7d4d308\" data-element_type=\"widget\" data-e-type=\"widget\" data-widget_type=\"text-editor.default\">\n\t\t\t\t<div class=\"elementor-widget-container\">\n\t\t\t\t\t\t\t\t\t<p>Het is niet ongewoon dat water in de uitgravingsput de bouw vertraagt. Met de Simer 6 kan de bouwput snel worden ontdaan van hinderlijk water.&nbsp;<\/p>\t\t\t\t\t\t\t\t<\/div>\n\t\t\t\t<\/div>\n\t\t\t\t<\/div>\n\t\t<div class=\"elementor-element elementor-element-244568a e-con-full e-flex e-con e-child\" data-id=\"244568a\" data-element_type=\"container\" data-e-type=\"container\">\n\t\t\t\t<div class=\"elementor-element elementor-element-a65de5f elementor-widget elementor-widget-image\" data-id=\"a65de5f\" data-element_type=\"widget\" data-e-type=\"widget\" data-widget_type=\"image.default\">\n\t\t\t\t<div class=\"elementor-widget-container\">\n\t\t\t\t\t\t\t\t\t\t\t\t\t\t\t<img loading=\"lazy\" decoding=\"async\" width=\"1000\" height=\"563\" src=\"https:\/\/simer.info\/wp-content\/uploads\/2023\/10\/simer_excavation_decal.jpg\" class=\"attachment-full size-full wp-image-1377\" alt=\"Simer 6 - Anwendung in einer Baugrube\" srcset=\"https:\/\/simer.info\/wp-content\/uploads\/2023\/10\/simer_excavation_decal.jpg 1000w, https:\/\/simer.info\/wp-content\/uploads\/2023\/10\/simer_excavation_decal-300x169.jpg 300w, https:\/\/simer.info\/wp-content\/uploads\/2023\/10\/simer_excavation_decal-768x432.jpg 768w\" sizes=\"(max-width: 1000px) 100vw, 1000px\" \/>\t\t\t\t\t\t\t\t\t\t\t\t\t\t\t<\/div>\n\t\t\t\t<\/div>\n\t\t\t\t<\/div>\n\t\t\t\t\t<\/div>\n\t\t\t\t<\/div>\n\t\t\t\t<\/div>","protected":false},"excerpt":{"rendered":"<p>Simer 6 &#8211; Anwendungen Flachdach Auf Flachd\u00e4chern kann es durch starken Regen oftmals zu gro\u00dfen Pf\u00fctzen und unerw\u00fcnschtem Wasser kommen. Mithilfe der Simer 6 k\u00f6nnen diese trocken gelegt werden und das Wasser ganz einfach abgepumpt werden.\u00a0 Pool Jedes Jahr stellt sich die Frage wie man das Wasser aus dem Schwimmbecken bekommt. Einfach die Simer 6 [&hellip;]<\/p>\n","protected":false},"author":1,"featured_media":0,"parent":0,"menu_order":0,"comment_status":"closed","ping_status":"closed","template":"","meta":{"site-sidebar-layout":"no-sidebar","site-content-layout":"page-builder","ast-site-content-layout":"full-width-container","site-content-style":"unboxed","site-sidebar-style":"unboxed","ast-global-header-display":"","ast-banner-title-visibility":"","ast-main-header-display":"","ast-hfb-above-header-display":"","ast-hfb-below-header-display":"","ast-hfb-mobile-header-display":"","site-post-title":"disabled","ast-breadcrumbs-content":"","ast-featured-img":"disabled","footer-sml-layout":"","ast-disable-related-posts":"","theme-transparent-header-meta":"enabled","adv-header-id-meta":"","stick-header-meta":"","header-above-stick-meta":"","header-main-stick-meta":"","header-below-stick-meta":"","astra-migrate-meta-layouts":"set","ast-page-background-enabled":"default","ast-page-background-meta":{"desktop":{"background-color":"","background-image":"","background-repeat":"repeat","background-position":"center center","background-size":"auto","background-attachment":"scroll","background-type":"","background-media":"","overlay-type":"","overlay-color":"","overlay-opacity":"","overlay-gradient":""},"tablet":{"background-color":"","background-image":"","background-repeat":"repeat","background-position":"center center","background-size":"auto","background-attachment":"scroll","background-type":"","background-media":"","overlay-type":"","overlay-color":"","overlay-opacity":"","overlay-gradient":""},"mobile":{"background-color":"","background-image":"","background-repeat":"repeat","background-position":"center center","background-size":"auto","background-attachment":"scroll","background-type":"","background-media":"","overlay-type":"","overlay-color":"","overlay-opacity":"","overlay-gradient":""}},"ast-content-background-meta":{"desktop":{"background-color":"var(--ast-global-color-5)","background-image":"","background-repeat":"repeat","background-position":"center center","background-size":"auto","background-attachment":"scroll","background-type":"","background-media":"","overlay-type":"","overlay-color":"","overlay-opacity":"","overlay-gradient":""},"tablet":{"background-color":"var(--ast-global-color-5)","background-image":"","background-repeat":"repeat","background-position":"center center","background-size":"auto","background-attachment":"scroll","background-type":"","background-media":"","overlay-type":"","overlay-color":"","overlay-opacity":"","overlay-gradient":""},"mobile":{"background-color":"var(--ast-global-color-5)","background-image":"","background-repeat":"repeat","background-position":"center center","background-size":"auto","background-attachment":"scroll","background-type":"","background-media":"","overlay-type":"","overlay-color":"","overlay-opacity":"","overlay-gradient":""}},"footnotes":""},"class_list":["post-245","page","type-page","status-publish","hentry"],"yoast_head":"<!-- This site is optimized with the Yoast SEO plugin v27.3 - https:\/\/yoast.com\/product\/yoast-seo-wordpress\/ -->\n<title>Anwendungen - www.simer.info<\/title>\n<meta name=\"description\" content=\"Die Jung Pumpen Simer 6 f\u00fcr flexible und mobile Anwendungen - egal ob Flachdach, Pool, Keller oder Baugrube. Jetzt informieren!\" \/>\n<meta name=\"robots\" content=\"index, follow, max-snippet:-1, max-image-preview:large, max-video-preview:-1\" \/>\n<link rel=\"canonical\" href=\"https:\/\/simer.info\/nl\/anwendungen\/\" \/>\n<meta property=\"og:locale\" content=\"nl_NL\" \/>\n<meta property=\"og:type\" content=\"article\" \/>\n<meta property=\"og:title\" content=\"Anwendungen - www.simer.info\" \/>\n<meta property=\"og:description\" content=\"Die Jung Pumpen Simer 6 f\u00fcr flexible und mobile Anwendungen - egal ob Flachdach, Pool, Keller oder Baugrube. Jetzt informieren!\" \/>\n<meta property=\"og:url\" content=\"https:\/\/simer.info\/nl\/anwendungen\/\" \/>\n<meta property=\"og:site_name\" content=\"www.simer.info\" \/>\n<meta property=\"article:publisher\" content=\"https:\/\/www.facebook.com\/jungpumpen.de\" \/>\n<meta property=\"article:modified_time\" content=\"2025-12-17T12:04:07+00:00\" \/>\n<meta property=\"og:image\" content=\"https:\/\/simer.info\/wp-content\/uploads\/2023\/10\/simer_roof_decal.jpg\" \/>\n<meta name=\"twitter:card\" content=\"summary_large_image\" \/>\n<meta name=\"twitter:label1\" content=\"Geschatte leestijd\" \/>\n\t<meta name=\"twitter:data1\" content=\"2 minuten\" \/>\n<script type=\"application\/ld+json\" class=\"yoast-schema-graph\">{\"@context\":\"https:\\\/\\\/schema.org\",\"@graph\":[{\"@type\":\"WebPage\",\"@id\":\"https:\\\/\\\/simer.info\\\/anwendungen\\\/\",\"url\":\"https:\\\/\\\/simer.info\\\/anwendungen\\\/\",\"name\":\"Anwendungen - www.simer.info\",\"isPartOf\":{\"@id\":\"https:\\\/\\\/simer.info\\\/#website\"},\"primaryImageOfPage\":{\"@id\":\"https:\\\/\\\/simer.info\\\/anwendungen\\\/#primaryimage\"},\"image\":{\"@id\":\"https:\\\/\\\/simer.info\\\/anwendungen\\\/#primaryimage\"},\"thumbnailUrl\":\"https:\\\/\\\/simer.info\\\/wp-content\\\/uploads\\\/2023\\\/10\\\/simer_roof_decal.jpg\",\"datePublished\":\"2021-04-29T03:36:58+00:00\",\"dateModified\":\"2025-12-17T12:04:07+00:00\",\"description\":\"Die Jung Pumpen Simer 6 f\u00fcr flexible und mobile Anwendungen - egal ob Flachdach, Pool, Keller oder Baugrube. Jetzt informieren!\",\"inLanguage\":\"nl-NL\",\"potentialAction\":[{\"@type\":\"ReadAction\",\"target\":[\"https:\\\/\\\/simer.info\\\/anwendungen\\\/\"]}]},{\"@type\":\"ImageObject\",\"inLanguage\":\"nl-NL\",\"@id\":\"https:\\\/\\\/simer.info\\\/anwendungen\\\/#primaryimage\",\"url\":\"https:\\\/\\\/simer.info\\\/wp-content\\\/uploads\\\/2023\\\/10\\\/simer_roof_decal.jpg\",\"contentUrl\":\"https:\\\/\\\/simer.info\\\/wp-content\\\/uploads\\\/2023\\\/10\\\/simer_roof_decal.jpg\"},{\"@type\":\"WebSite\",\"@id\":\"https:\\\/\\\/simer.info\\\/#website\",\"url\":\"https:\\\/\\\/simer.info\\\/\",\"name\":\"www.simer.info\",\"description\":\"\",\"publisher\":{\"@id\":\"https:\\\/\\\/simer.info\\\/#organization\"},\"potentialAction\":[{\"@type\":\"SearchAction\",\"target\":{\"@type\":\"EntryPoint\",\"urlTemplate\":\"https:\\\/\\\/simer.info\\\/?s={search_term_string}\"},\"query-input\":{\"@type\":\"PropertyValueSpecification\",\"valueRequired\":true,\"valueName\":\"search_term_string\"}}],\"inLanguage\":\"nl-NL\"},{\"@type\":\"Organization\",\"@id\":\"https:\\\/\\\/simer.info\\\/#organization\",\"name\":\"Jung Pumpen GmbH\",\"url\":\"https:\\\/\\\/simer.info\\\/\",\"logo\":{\"@type\":\"ImageObject\",\"inLanguage\":\"nl-NL\",\"@id\":\"https:\\\/\\\/simer.info\\\/#\\\/schema\\\/logo\\\/image\\\/\",\"url\":\"https:\\\/\\\/simer.info\\\/wp-content\\\/uploads\\\/2023\\\/10\\\/Pentair_JP_Horizontal_RGB_Web.png\",\"contentUrl\":\"https:\\\/\\\/simer.info\\\/wp-content\\\/uploads\\\/2023\\\/10\\\/Pentair_JP_Horizontal_RGB_Web.png\",\"width\":2500,\"height\":315,\"caption\":\"Jung Pumpen GmbH\"},\"image\":{\"@id\":\"https:\\\/\\\/simer.info\\\/#\\\/schema\\\/logo\\\/image\\\/\"},\"sameAs\":[\"https:\\\/\\\/www.facebook.com\\\/jungpumpen.de\"]}]}<\/script>\n<!-- \/ Yoast SEO plugin. -->","yoast_head_json":{"title":"Anwendungen - www.simer.info","description":"Die Jung Pumpen Simer 6 f\u00fcr flexible und mobile Anwendungen - egal ob Flachdach, Pool, Keller oder Baugrube. Jetzt informieren!","robots":{"index":"index","follow":"follow","max-snippet":"max-snippet:-1","max-image-preview":"max-image-preview:large","max-video-preview":"max-video-preview:-1"},"canonical":"https:\/\/simer.info\/nl\/anwendungen\/","og_locale":"nl_NL","og_type":"article","og_title":"Anwendungen - www.simer.info","og_description":"Die Jung Pumpen Simer 6 f\u00fcr flexible und mobile Anwendungen - egal ob Flachdach, Pool, Keller oder Baugrube. Jetzt informieren!","og_url":"https:\/\/simer.info\/nl\/anwendungen\/","og_site_name":"www.simer.info","article_publisher":"https:\/\/www.facebook.com\/jungpumpen.de","article_modified_time":"2025-12-17T12:04:07+00:00","og_image":[{"url":"https:\/\/simer.info\/wp-content\/uploads\/2023\/10\/simer_roof_decal.jpg","type":"","width":"","height":""}],"twitter_card":"summary_large_image","twitter_misc":{"Geschatte leestijd":"2 minuten"},"schema":{"@context":"https:\/\/schema.org","@graph":[{"@type":"WebPage","@id":"https:\/\/simer.info\/anwendungen\/","url":"https:\/\/simer.info\/anwendungen\/","name":"Anwendungen - www.simer.info","isPartOf":{"@id":"https:\/\/simer.info\/#website"},"primaryImageOfPage":{"@id":"https:\/\/simer.info\/anwendungen\/#primaryimage"},"image":{"@id":"https:\/\/simer.info\/anwendungen\/#primaryimage"},"thumbnailUrl":"https:\/\/simer.info\/wp-content\/uploads\/2023\/10\/simer_roof_decal.jpg","datePublished":"2021-04-29T03:36:58+00:00","dateModified":"2025-12-17T12:04:07+00:00","description":"Die Jung Pumpen Simer 6 f\u00fcr flexible und mobile Anwendungen - egal ob Flachdach, Pool, Keller oder Baugrube. Jetzt informieren!","inLanguage":"nl-NL","potentialAction":[{"@type":"ReadAction","target":["https:\/\/simer.info\/anwendungen\/"]}]},{"@type":"ImageObject","inLanguage":"nl-NL","@id":"https:\/\/simer.info\/anwendungen\/#primaryimage","url":"https:\/\/simer.info\/wp-content\/uploads\/2023\/10\/simer_roof_decal.jpg","contentUrl":"https:\/\/simer.info\/wp-content\/uploads\/2023\/10\/simer_roof_decal.jpg"},{"@type":"WebSite","@id":"https:\/\/simer.info\/#website","url":"https:\/\/simer.info\/","name":"www.simer.info","description":"","publisher":{"@id":"https:\/\/simer.info\/#organization"},"potentialAction":[{"@type":"SearchAction","target":{"@type":"EntryPoint","urlTemplate":"https:\/\/simer.info\/?s={search_term_string}"},"query-input":{"@type":"PropertyValueSpecification","valueRequired":true,"valueName":"search_term_string"}}],"inLanguage":"nl-NL"},{"@type":"Organization","@id":"https:\/\/simer.info\/#organization","name":"Jung Pumpen GmbH","url":"https:\/\/simer.info\/","logo":{"@type":"ImageObject","inLanguage":"nl-NL","@id":"https:\/\/simer.info\/#\/schema\/logo\/image\/","url":"https:\/\/simer.info\/wp-content\/uploads\/2023\/10\/Pentair_JP_Horizontal_RGB_Web.png","contentUrl":"https:\/\/simer.info\/wp-content\/uploads\/2023\/10\/Pentair_JP_Horizontal_RGB_Web.png","width":2500,"height":315,"caption":"Jung Pumpen GmbH"},"image":{"@id":"https:\/\/simer.info\/#\/schema\/logo\/image\/"},"sameAs":["https:\/\/www.facebook.com\/jungpumpen.de"]}]}},"_links":{"self":[{"href":"https:\/\/simer.info\/nl\/wp-json\/wp\/v2\/pages\/245","targetHints":{"allow":["GET"]}}],"collection":[{"href":"https:\/\/simer.info\/nl\/wp-json\/wp\/v2\/pages"}],"about":[{"href":"https:\/\/simer.info\/nl\/wp-json\/wp\/v2\/types\/page"}],"author":[{"embeddable":true,"href":"https:\/\/simer.info\/nl\/wp-json\/wp\/v2\/users\/1"}],"replies":[{"embeddable":true,"href":"https:\/\/simer.info\/nl\/wp-json\/wp\/v2\/comments?post=245"}],"version-history":[{"count":139,"href":"https:\/\/simer.info\/nl\/wp-json\/wp\/v2\/pages\/245\/revisions"}],"predecessor-version":[{"id":1930,"href":"https:\/\/simer.info\/nl\/wp-json\/wp\/v2\/pages\/245\/revisions\/1930"}],"wp:attachment":[{"href":"https:\/\/simer.info\/nl\/wp-json\/wp\/v2\/media?parent=245"}],"curies":[{"name":"wp","href":"https:\/\/api.w.org\/{rel}","templated":true}]}}